{"id":132,"date":"2023-02-28T16:15:32","date_gmt":"2023-02-28T15:15:32","guid":{"rendered":"http:\/\/winetoursmallorca.com\/?page_id=132"},"modified":"2023-03-21T08:08:54","modified_gmt":"2023-03-21T07:08:54","slug":"cookies","status":"publish","type":"page","link":"https:\/\/winetoursmallorca.com\/es\/cookies\/","title":{"rendered":"Cookies"},"content":{"rendered":"<div class=\"fusion-fullwidth fullwidth-box fusion-builder-row-1 fusion-flex-container nonhundred-percent-fullwidth non-hundred-percent-height-scrolling\" style=\"--awb-border-radius-top-left:0px;--awb-border-radius-top-right:0px;--awb-border-radius-bottom-right:0px;--awb-border-radius-bottom-left:0px;--awb-flex-wrap:wrap;\" ><div class=\"fusion-builder-row fusion-row fusion-flex-align-items-flex-start fusion-flex-content-wrap\" style=\"max-width:1248px;margin-left: calc(-4% \/ 2 );margin-right: calc(-4% \/ 2 );\"><div class=\"fusion-layout-column fusion_builder_column fusion-builder-column-0 fusion_builder_column_1_1 1_1 fusion-flex-column\" style=\"--awb-bg-size:cover;--awb-width-large:100%;--awb-margin-top-large:0px;--awb-spacing-right-large:1.92%;--awb-margin-bottom-large:0px;--awb-spacing-left-large:1.92%;--awb-width-medium:100%;--awb-spacing-right-medium:1.92%;--awb-spacing-left-medium:1.92%;--awb-width-small:100%;--awb-spacing-right-small:1.92%;--awb-spacing-left-small:1.92%;\"><div class=\"fusion-column-wrapper fusion-flex-justify-content-flex-start fusion-content-layout-column\"><div class=\"fusion-text fusion-text-1\"><p><strong>POL\u00cdTICA DE COOKIES<\/strong><\/p>\n<p>INFORMACI\u00d3N SOBRE COOKIES<br \/>\nConforme con la Ley 34\/2002, de 11 de julio, de servicios de la sociedad de la informaci\u00f3n y de comercio electr\u00f3nico<br \/>\n(LSSI), en relaci\u00f3n con el Reglamento (UE) 2016\/679 del Parlamento Europeo y del Consejo, de 27 de abril de 2016,<br \/>\nGeneral de Protecci\u00f3n de Datos (GDPR) y la Ley Org\u00e1nica 3\/2018, de 5 de diciembre, de Protecci\u00f3n de Datos y Garant\u00eda<br \/>\nde los Derechos Digitales (LOPDGDD), es obligado obtener el consentimiento expreso del usuario de todas las p\u00e1ginas<br \/>\nweb que usan cookies prescindibles, antes de que este navegue por ellas.<\/p>\n<p>\u00bfQU\u00c9 SON LAS COOKIES?<br \/>\nLas cookies y otras tecnolog\u00edas similares tales como local shared objects, flash cookies o p\u00edxeles, son herramientas<br \/>\nempleadas por los servidores Web para almacenar y recuperar informaci\u00f3n acerca de sus visitantes, as\u00ed como para ofrecer<br \/>\nun correcto funcionamiento del sitio.<br \/>\nMediante el uso de estos dispositivos se permite al servidor Web recordar algunos datos concernientes al usuario, como<br \/>\nsus preferencias para la visualizaci\u00f3n de las p\u00e1ginas de ese servidor, nombre y contrase\u00f1a, productos que m\u00e1s le<br \/>\ninteresan, etc.<\/p>\n<p>COOKIES AFECTADAS POR LA NORMATIVA Y COOKIES EXCEPTUADAS<br \/>\nSeg\u00fan la directiva de la UE, las cookies que requieren el consentimiento informado por parte del usuario son las cookies de<br \/>\nanal\u00edtica y las de publicidad y afiliaci\u00f3n, quedando exceptuadas las de car\u00e1cter t\u00e9cnico y las necesarias para el<br \/>\nfuncionamiento del sitio web o la prestaci\u00f3n de servicios expresamente solicitados por el usuario.<\/p>\n<p>TIPOS DE COOKIES<br \/>\nSEG\u00daN LA FINALIDAD<br \/>\nCookies t\u00e9cnicas y funcionales: son aquellas que permiten al usuario la navegaci\u00f3n a trav\u00e9s de una p\u00e1gina web,<br \/>\nplataforma o aplicaci\u00f3n y la utilizaci\u00f3n de las diferentes opciones o servicios que en ella existan.<br \/>\nCookies anal\u00edticas: son aquellas que permiten al responsable de las mismas el seguimiento y an\u00e1lisis del<br \/>\ncomportamiento de los usuarios de los sitios web a los que est\u00e1n vinculadas. La informaci\u00f3n recogida mediante<br \/>\neste tipo de cookies se utiliza en la medici\u00f3n de la actividad de los sitios web, aplicaci\u00f3n o plataforma y para la<br \/>\nelaboraci\u00f3n de perfiles de navegaci\u00f3n de los usuarios de dichos sitios, aplicaciones y plataformas, con el fin de<br \/>\nintroducir mejoras en funci\u00f3n del an\u00e1lisis de los datos de uso que hacen los usuarios del servicio.<br \/>\nCookies publicitarias: son aquellas que permiten la gesti\u00f3n, de la forma m\u00e1s eficaz posible, de los espacios<br \/>\npublicitarios que, en su caso, el editor haya incluido en una p\u00e1gina web, aplicaci\u00f3n o plataforma desde la que<br \/>\npresta el servicio solicitado en base a criterios como el contenido editado o la frecuencia en la que se muestran los<br \/>\nanuncios.<br \/>\nCookies de publicidad comportamental: recogen informaci\u00f3n sobre las preferencias y elecciones personales del<br \/>\nusuario (retargeting) para permitir la gesti\u00f3n, de la forma m\u00e1s eficaz posible, de los espacios publicitarios que, en<br \/>\nsu caso, el editor haya incluido en una p\u00e1gina web, aplicaci\u00f3n o plataforma desde la que presta el servicio<br \/>\nsolicitado.<br \/>\nCookies sociales: son establecidas por las plataformas de redes sociales en los servicios para permitirle compartir<br \/>\ncontenido con sus amigos y redes. Las plataformas de medios sociales tienen la capacidad de rastrear su actividad<br \/>\nen l\u00ednea fuera de los Servicios. Esto puede afectar al contenido y los mensajes que ve en otros servicios que visita.<br \/>\nCookies de afiliados: permiten hacer un seguimiento de las visitas procedentes de otras webs, con las que el sitio<br \/>\nweb establece un contrato de afiliaci\u00f3n (empresas de afiliaci\u00f3n).<br \/>\nCookies de seguridad: almacenan informaci\u00f3n cifrada para evitar que los datos guardados en ellas sean<br \/>\nvulnerables a ataques maliciosos de terceros.<br \/>\nSEG\u00daN LA PROPIEDAD<br \/>\nCookies propias: son aquellas que se env\u00edan al equipo terminal del usuario desde un equipo o dominio gestionado<br \/>\npor el propio editor y desde el que se presta el servicio solicitado por el usuario.<br \/>\nCookies de terceros: son aquellas que se env\u00edan al equipo terminal del usuario desde un equipo o dominio que no<br \/>\nes gestionado por el editor, sino por otra entidad que trata los datos obtenidos trav\u00e9s de las cookies.<br \/>\nSEG\u00daN EL PLAZO DE CONSERVACI\u00d3N<br \/>\nCookies de sesi\u00f3n: son un tipo de cookies dise\u00f1adas para recabar y almacenar datos mientras el usuario accede<br \/>\na una p\u00e1gina web.<br \/>\nCookies persistentes: son un tipo de cookies en el que los datos siguen almacenados en el terminal y pueden ser<br \/>\naccedidos y tratados durante un per\u00edodo definido por el responsable de la cookie, y que puede ir de unos minutos a<br \/>\nvarios a\u00f1os.<\/p>\n<p>TRATAMIENTO DE DATOS PERSONALES<br \/>\nMIGUEL VIVER BISBAL es el Responsable del tratamiento de los datos personales del Interesado y le informa de que<br \/>\nestos datos ser\u00e1n tratados de conformidad con lo dispuesto en el Reglamento (UE) 2016\/679, de 27 de abril de 2016<br \/>\n(GDPR), por lo que se le facilita la siguiente informaci\u00f3n del tratamiento:<br \/>\nFines del tratamiento: seg\u00fan se especifica en el apartado de cookies que se utilizan en este sitio web.<br \/>\nLegitimaci\u00f3n del tratamiento: salvo en los casos en los que resulte necesario para la navegaci\u00f3n por la web, por<br \/>\nconsentimiento del interesado (art. 6.1 GDPR).<br \/>\nCriterios de conservaci\u00f3n de los datos: seg\u00fan se especifica en el apartado de cookies utilizadas en la web.<br \/>\nComunicaci\u00f3n de los datos: no se comunicar\u00e1n los datos a terceros, excepto en cookies propiedad de terceros o por<br \/>\nobligaci\u00f3n legal.<br \/>\nDerechos que asisten al Interesado:<br \/>\n&#8211; Derecho a retirar el consentimiento en cualquier momento.<br \/>\n&#8211; Derecho de acceso, rectificaci\u00f3n, portabilidad y supresi\u00f3n de sus datos, y de limitaci\u00f3n u oposici\u00f3n a su tratamiento.<br \/>\n&#8211; Derecho a presentar una reclamaci\u00f3n ante la Autoridad de control (www.aepd.es) si considera que el tratamiento no se<br \/>\najusta a la normativa vigente.<br \/>\nDatos de contacto para ejercer sus derechos:<br \/>\nMIGUEL VIVER BISBAL. Avenida Fran\u00e7a, s\/n &#8211; 07400 Port d&#8217;Alcudia (Illes Balears). E-mail: info@winetoursmallorca.com<\/p>\n<p>COOKIES UTILIZADAS EN ESTE SITIO WEB<br \/>\nDesde este panel podr\u00e1 configurar las cookies que el sitio web puede instalar en su navegador, excepto las cookies<br \/>\nt\u00e9cnicas o funcionales que son necesarias para la navegaci\u00f3n y la utilizaci\u00f3n de las diferentes opciones o servicios que se<br \/>\nofrecen.<br \/>\nLas cookies seleccionadas indican que el usuario autoriza la instalaci\u00f3n en su navegador y el tratamiento de datos bajo las<br \/>\ncondiciones reflejadas en la Pol\u00edtica de cookies.<br \/>\nEl usuario puede marcar o desmarcar el selector seg\u00fan se desee aceptar o rechazar la instalaci\u00f3n de cookies.<br \/>\nCOOKIES CONTROLADAS POR EL EDITOR<br \/>\nT\u00e9cnicas y funcionales<br \/>\nPropiedad Cookie Finalidad Plazo<br \/>\ngoogle.com __Secure-1PAPISI<br \/>\nD<br \/>\nCookie necesaria para la utilizaci\u00f3n de las opciones y<br \/>\nservicios del sitio web en un a\u00f1o<br \/>\ngoogle.com __Secure-1PSID Cookie necesaria para la utilizaci\u00f3n de las opciones y<br \/>\nservicios del sitio web en un a\u00f1o<br \/>\ngoogle.com __Secure-1PSIDC<br \/>\nC<br \/>\nCookie necesaria para la utilizaci\u00f3n de las opciones y<br \/>\nservicios del sitio web en un a\u00f1o<br \/>\ngoogle.com __Secure-3PSIDC<br \/>\nC<br \/>\nCookie necesaria para la utilizaci\u00f3n de las opciones y<br \/>\nservicios del sitio web en un a\u00f1o<br \/>\ngoogle.com __Secure-ENID Cookie necesaria para la utilizaci\u00f3n de las opciones y<br \/>\nservicios del sitio web en 9 meses<br \/>\ngoogle.com AEC Cookie necesaria para la utilizaci\u00f3n de las opciones y<br \/>\nservicios del sitio web en 2 meses<br \/>\ngoogle.com SEARCH_SAMESI<br \/>\nTE<br \/>\nSameSite evita que el navegador env\u00ede esta cookie junto<br \/>\ncon las solicitudes entre sitios. El objetivo principal es<br \/>\nmitigar el riesgo de fuga de informaci\u00f3n de origen cruzado.<br \/>\nTambi\u00e9n proporciona cierta protecci\u00f3n contra ataques de<br \/>\nfalsificaci\u00f3n de solicitudes entre sitios.<br \/>\nen 6 meses<br \/>\nranxosesroques.com cg_cookie_accept<br \/>\ned<br \/>\nCookie necesaria para la utilizaci\u00f3n de las opciones y<br \/>\nservicios del sitio web en un a\u00f1o<br \/>\nyoutube.com __Secure-1PAPISI<br \/>\nD<br \/>\nCookie necesaria para la utilizaci\u00f3n de las opciones y<br \/>\nservicios del sitio web en un a\u00f1o<br \/>\nyoutube.com __Secure-1PSID Cookie necesaria para la utilizaci\u00f3n de las opciones y<br \/>\nservicios del sitio web en un a\u00f1o<br \/>\nyoutube.com __Secure-1PSIDC<br \/>\nC<br \/>\nCookie necesaria para la utilizaci\u00f3n de las opciones y<br \/>\nservicios del sitio web en un a\u00f1o<br \/>\nyoutube.com __Secure-3PSIDC<br \/>\nC<br \/>\nCookie necesaria para la utilizaci\u00f3n de las opciones y<br \/>\nservicios del sitio web en un a\u00f1o<br \/>\nyoutube.com DEVICE_INFO Cookie necesaria para la utilizaci\u00f3n de las opciones y<br \/>\nservicios del sitio web en 4 meses<br \/>\nyoutube.com LOGIN_INFO Cookies t\u00e9cnicas de reproducci\u00f3n de contenido en 10 meses<br \/>\nyoutube.com PREF<br \/>\nEsta cookie almacena sus preferencias y otra informaci\u00f3n,<br \/>\nen particular el idioma preferido, cu\u00e1ntos resultados de<br \/>\nb\u00fasqueda desea que se muestren en su p\u00e1gina y si desea<br \/>\no no activar el filtro SafeSearch de Google.<br \/>\nen 12 meses<br \/>\nyoutube.com YSC Registra una identificaci\u00f3n \u00fanica para mantener<br \/>\nestad\u00edsticas de qu\u00e9 videos de YouTube ha visto el usuario. en 13 horas<br \/>\nAnal\u00edticas<br \/>\nPropiedad Cookie Finalidad Plazo Todas<br \/>\ngoogle.com __Secure-3PAPISI<br \/>\nD<br \/>\nEstas cookies se utilizan para entregar anuncios<br \/>\nm\u00e1s relevantes para usted y sus intereses. en un a\u00f1o<br \/>\ngoogle.com __Secure-3PSID Estas cookies se utilizan para entregar anuncios<br \/>\nm\u00e1s relevantes para usted y sus intereses. en un a\u00f1o<br \/>\nyoutube.com __Secure-3PAPISI<br \/>\nD<br \/>\nEstas cookies se utilizan para entregar anuncios<br \/>\nm\u00e1s relevantes para usted y sus intereses. en un a\u00f1o<br \/>\nyoutube.com __Secure-3PSID Estas cookies se utilizan para entregar anuncios<br \/>\nm\u00e1s relevantes para usted y sus intereses. en un a\u00f1o<br \/>\nPublicitarias<br \/>\nPropiedad Cookie Finalidad Plazo Todas<br \/>\ngoogle.com 1P_JAR<br \/>\nEstas cookies se establecen a trav\u00e9s de v\u00eddeos de<br \/>\nyoutube incrustados. Registran los datos<br \/>\nestad\u00edsticos an\u00f3nimos sobre, por ejemplo,<br \/>\ncu\u00e1ntas veces se reproduce el v\u00eddeo y las<br \/>\nconfiguraciones que se utilizan para la<br \/>\nreproducci\u00f3n.<br \/>\nen un mes<br \/>\ngoogle.com APISID<br \/>\nDescargar ciertas herramientas de Google y<br \/>\nguardar ciertas preferencias, por ejemplo, el<br \/>\nn\u00famero de resultados de la b\u00fasqueda por hoja o<br \/>\nla activaci\u00f3n del filtro SafeSearch. Ajusta los<br \/>\nanuncios que aparecen en la b\u00fasqueda de<br \/>\nGoogle.<br \/>\nen un a\u00f1o<br \/>\ngoogle.com HSID<br \/>\nDescargar ciertas herramientas de Google y<br \/>\nguardar ciertas preferencias, por ejemplo, el<br \/>\nn\u00famero de resultados de la b\u00fasqueda por hoja o<br \/>\nla activaci\u00f3n del filtro SafeSearch. Ajusta los<br \/>\nanuncios que aparecen en la b\u00fasqueda de<br \/>\nGoogle.<br \/>\nen un a\u00f1o<br \/>\ngoogle.com NID<br \/>\nEstas cookies se utilizan para recopilar<br \/>\nestad\u00edsticas del sitio web y rastrear las tasas de<br \/>\nconversi\u00f3n y la personalizaci\u00f3n de anuncios de<br \/>\nGoogle<br \/>\nen 7 meses<br \/>\ngoogle.com OTZ An\u00e1lisis agregado de los visitantes del sitio en 23 d\u00edas<br \/>\ngoogle.com SAPISID<br \/>\nDescargar ciertas herramientas de Google y<br \/>\nguardar ciertas preferencias, por ejemplo, el<br \/>\nn\u00famero de resultados de la b\u00fasqueda por hoja o<br \/>\nla activaci\u00f3n del filtro SafeSearch. Ajusta los<br \/>\nanuncios que aparecen en la b\u00fasqueda de<br \/>\nGoogle.<br \/>\nen un a\u00f1o<br \/>\ngoogle.com SID<br \/>\nDescargar ciertas herramientas de Google y<br \/>\nguardar ciertas preferencias, por ejemplo, el<br \/>\nn\u00famero de resultados de la b\u00fasqueda por hoja o<br \/>\nla activaci\u00f3n del filtro SafeSearch. Ajusta los<br \/>\nanuncios que aparecen en la b\u00fasqueda de<br \/>\nGoogle.<br \/>\nen un a\u00f1o<br \/>\ngoogle.com SIDCC<br \/>\nDescargar ciertas herramientas de Google y<br \/>\nguardar ciertas preferencias, por ejemplo, el<br \/>\nn\u00famero de resultados de la b\u00fasqueda por hoja o<br \/>\nla activaci\u00f3n del filtro SafeSearch. Ajusta los<br \/>\nanuncios que aparecen en la b\u00fasqueda de<br \/>\nGoogle.<br \/>\nen un a\u00f1o<br \/>\ngoogle.com SSID<br \/>\nDescarga ciertas herramientas de Google y<br \/>\nguarda ciertas preferencias, por ejemplo, el<br \/>\nn\u00famero de resultados de b\u00fasqueda por p\u00e1gina o<br \/>\nla activaci\u00f3n del filtro SafeSearch. Ajusta los<br \/>\nanuncios que aparecen en la B\u00fasqueda de<br \/>\nGoogle.<br \/>\nen un a\u00f1o<br \/>\nyoutube.com APISID<br \/>\nDescargar ciertas herramientas de Google y<br \/>\nguardar ciertas preferencias, por ejemplo, el<br \/>\nn\u00famero de resultados de la b\u00fasqueda por hoja o<br \/>\nla activaci\u00f3n del filtro SafeSearch. Ajusta los<br \/>\nanuncios que aparecen en la b\u00fasqueda de<br \/>\nGoogle.<br \/>\nen un a\u00f1o<br \/>\nyoutube.com HSID<br \/>\nDescargar ciertas herramientas de Google y<br \/>\nguardar ciertas preferencias, por ejemplo, el<br \/>\nn\u00famero de resultados de la b\u00fasqueda por hoja o<br \/>\nla activaci\u00f3n del filtro SafeSearch. Ajusta los<br \/>\nanuncios que aparecen en la b\u00fasqueda de<br \/>\nGoogle.<br \/>\nen un a\u00f1o<br \/>\nyoutube.com SAPISID<br \/>\nDescargar ciertas herramientas de Google y<br \/>\nguardar ciertas preferencias, por ejemplo, el<br \/>\nn\u00famero de resultados de la b\u00fasqueda por hoja o<br \/>\nla activaci\u00f3n del filtro SafeSearch. Ajusta los<br \/>\nanuncios que aparecen en la b\u00fasqueda de<br \/>\nGoogle.<br \/>\nen un a\u00f1o<br \/>\nyoutube.com SID<br \/>\nDescargar ciertas herramientas de Google y<br \/>\nguardar ciertas preferencias, por ejemplo, el<br \/>\nn\u00famero de resultados de la b\u00fasqueda por hoja o<br \/>\nla activaci\u00f3n del filtro SafeSearch. Ajusta los<br \/>\nanuncios que aparecen en la b\u00fasqueda de<br \/>\nGoogle.<br \/>\nen un a\u00f1o<br \/>\nyoutube.com SIDCC<br \/>\nDescargar ciertas herramientas de Google y<br \/>\nguardar ciertas preferencias, por ejemplo, el<br \/>\nn\u00famero de resultados de la b\u00fasqueda por hoja o<br \/>\nla activaci\u00f3n del filtro SafeSearch. Ajusta los<br \/>\nanuncios que aparecen en la b\u00fasqueda de<br \/>\nGoogle.<br \/>\nen un a\u00f1o<br \/>\nyoutube.com SSID<br \/>\nDescarga ciertas herramientas de Google y<br \/>\nguarda ciertas preferencias, por ejemplo, el<br \/>\nn\u00famero de resultados de b\u00fasqueda por p\u00e1gina o<br \/>\nla activaci\u00f3n del filtro SafeSearch. Ajusta los<br \/>\nanuncios que aparecen en la B\u00fasqueda de<br \/>\nGoogle.<br \/>\nen un a\u00f1o<br \/>\nyoutube.com VISITOR_INFO1_L<br \/>\nIVE<br \/>\nIntenta estimar el ancho de banda de los usuarios<br \/>\nen las p\u00e1ginas de YouTube con videos integrados. en 4 meses<br \/>\nCOOKIES DE TERCEROS<br \/>\nLos servicios de terceros son ajenos al control del editor. Los proveedores pueden modificar en todo momento sus<br \/>\ncondiciones de servicio, finalidad y utilizaci\u00f3n de las cookies, etc.<br \/>\nProveedores externos de este sitio web:<br \/>\nEditor Pol\u00edtica de privacidad<br \/>\nGoogle https:\/\/privacy.google.com\/take-control.html<br \/>\nGoogle https:\/\/safety.google\/privacy\/privacy-controls\/<br \/>\nYoutube https:\/\/policies.google.com\/privacy<br \/>\nYoutube https:\/\/privacy.google.com\/take-control.html<\/p>\n<p>C\u00d3MO GESTIONAR LAS COOKIES DESDE EL NAVEGADOR<br \/>\nEliminar las cookies del dispositivo<br \/>\nLas cookies que ya est\u00e1n en un dispositivo se pueden eliminar borrando el historial del<br \/>\nnavegador, con lo que se suprimen las cookies de todos los sitios web visitados.<br \/>\nSin embargo, tambi\u00e9n se puede perder parte de la informaci\u00f3n guardada (por ejemplo,<br \/>\nlos datos de inicio de sesi\u00f3n o las preferencias de sitio web).<br \/>\nGestionar las cookies espec\u00edficas<br \/>\ndel sitio<br \/>\nPara tener un control m\u00e1s preciso de las cookies espec\u00edficas de cada sitio, los usuarios<br \/>\npueden ajustar su configuraci\u00f3n de privacidad y cookies en el navegador.<br \/>\nBloquear las cookies<br \/>\nAunque la mayor\u00eda de los navegadores modernos se pueden configurar para evitar que<br \/>\nse instalen cookies en los dispositivos, eso puede obligar al ajuste manual de<br \/>\ndeterminadas preferencias cada vez que se visite un sitio o p\u00e1gina. Adem\u00e1s, algunos<br \/>\nservicios y caracter\u00edsticas pueden no funcionar correctamente (por ejemplo, los inicios de<br \/>\nsesi\u00f3n con perfil).<br \/>\nC\u00d3MO ELIMINAR LAS COOKIES DE LOS NAVEGADORES M\u00c1S COMUNES<br \/>\nChrome http:\/\/support.google.com\/chrome\/answer\/95647?hl=es<br \/>\nEdge https:\/\/support.microsoft.com\/es-es\/microsoft-edge\/eliminar-las-cookies-en-microsoft-edge-63947406-40ac-c3b8-57b9-2a946a29ae09<br \/>\nExplorer https:\/\/support.microsoft.com\/es-es\/help\/278835\/how-to-delete-cookie-files-in-internet-explorer<br \/>\nFirefox https:\/\/www.mozilla.org\/es-ES\/privacy\/websites\/#cookies<br \/>\nSafari https:\/\/support.apple.com\/es-es\/guide\/safari\/sfri11471\/mac<br \/>\nOpera https:\/\/help.opera.com\/en\/latest\/security-and-privacy\/#clearBrowsingData<\/p>\n<\/div><\/div><\/div><\/div><\/div>\n","protected":false},"excerpt":{"rendered":"","protected":false},"author":1,"featured_media":0,"parent":0,"menu_order":0,"comment_status":"closed","ping_status":"open","template":"","meta":{"_mi_skip_tracking":false,"_monsterinsights_sitenote_active":false,"_monsterinsights_sitenote_note":"","_monsterinsights_sitenote_category":0,"footnotes":""},"class_list":["post-132","page","type-page","status-publish","hentry"],"aioseo_notices":[],"_links":{"self":[{"href":"https:\/\/winetoursmallorca.com\/es\/wp-json\/wp\/v2\/pages\/132","targetHints":{"allow":["GET"]}}],"collection":[{"href":"https:\/\/winetoursmallorca.com\/es\/wp-json\/wp\/v2\/pages"}],"about":[{"href":"https:\/\/winetoursmallorca.com\/es\/wp-json\/wp\/v2\/types\/page"}],"author":[{"embeddable":true,"href":"https:\/\/winetoursmallorca.com\/es\/wp-json\/wp\/v2\/users\/1"}],"replies":[{"embeddable":true,"href":"https:\/\/winetoursmallorca.com\/es\/wp-json\/wp\/v2\/comments?post=132"}],"version-history":[{"count":0,"href":"https:\/\/winetoursmallorca.com\/es\/wp-json\/wp\/v2\/pages\/132\/revisions"}],"wp:attachment":[{"href":"https:\/\/winetoursmallorca.com\/es\/wp-json\/wp\/v2\/media?parent=132"}],"curies":[{"name":"wp","href":"https:\/\/api.w.org\/{rel}","templated":true}]}}