{"id":3,"date":"2023-02-27T09:32:39","date_gmt":"2023-02-27T09:32:39","guid":{"rendered":"http:\/\/winetoursmallorca.com\/?page_id=3"},"modified":"2023-04-19T12:00:17","modified_gmt":"2023-04-19T11:00:17","slug":"legal","status":"publish","type":"page","link":"https:\/\/winetoursmallorca.com\/es\/legal\/","title":{"rendered":"Legal"},"content":{"rendered":"<div class=\"fusion-fullwidth fullwidth-box fusion-builder-row-1 fusion-flex-container nonhundred-percent-fullwidth non-hundred-percent-height-scrolling\" style=\"--awb-border-radius-top-left:0px;--awb-border-radius-top-right:0px;--awb-border-radius-bottom-right:0px;--awb-border-radius-bottom-left:0px;--awb-flex-wrap:wrap;\" ><div class=\"fusion-builder-row fusion-row fusion-flex-align-items-flex-start fusion-flex-content-wrap\" style=\"max-width:1248px;margin-left: calc(-4% \/ 2 );margin-right: calc(-4% \/ 2 );\"><div class=\"fusion-layout-column fusion_builder_column fusion-builder-column-0 fusion_builder_column_1_1 1_1 fusion-flex-column\" style=\"--awb-bg-size:cover;--awb-width-large:100%;--awb-margin-top-large:0px;--awb-spacing-right-large:1.92%;--awb-margin-bottom-large:0px;--awb-spacing-left-large:1.92%;--awb-width-medium:100%;--awb-spacing-right-medium:1.92%;--awb-spacing-left-medium:1.92%;--awb-width-small:100%;--awb-spacing-right-small:1.92%;--awb-spacing-left-small:1.92%;\"><div class=\"fusion-column-wrapper fusion-flex-justify-content-flex-start fusion-content-layout-column\"><div class=\"fusion-text fusion-text-1\"><p><strong>POL\u00cdTICA DE PRIVACIDAD<\/strong><\/p>\n<p>1. INFORMACI\u00d3N AL USUARIO<br \/>\n\u00bfQui\u00e9n es el responsable del tratamiento de tus datos personales?<br \/>\nMIGUEL VIVER BISBAL es el RESPONSABLE del tratamiento de los datos personales del USUARIO y le informa de que<br \/>\nestos datos ser\u00e1n tratados de conformidad con lo dispuesto en el Reglamento (UE) 2016\/679, de 27 de abril (GDPR), y la<br \/>\nLey Org\u00e1nica 3\/2018, de 5 de diciembre (LOPDGDD).<br \/>\n\u00bfPara qu\u00e9 tratamos tus datos personales?<br \/>\nPara mantener una relaci\u00f3n comercial con el usuario. Las operaciones previstas para realizar el tratamiento son:<br \/>\nRemisi\u00f3n de comunicaciones comerciales publicitarias por e-mail, fax, SMS, MMS, redes sociales o cualquier otro<br \/>\nmedio electr\u00f3nico o f\u00edsico, presente o futuro, que posibilite realizar comunicaciones comerciales. Estas<br \/>\ncomunicaciones ser\u00e1n realizadas por el RESPONSABLE y estar\u00e1n relacionadas con sus productos y servicios, o<br \/>\nde sus colaboradores o proveedores, con los que este haya alcanzado alg\u00fan acuerdo de promoci\u00f3n. En este caso,<br \/>\nlos terceros nunca tendr\u00e1n acceso a los datos personales.<br \/>\nRealizar estudios de mercado y an\u00e1lisis estad\u00edsticos.<br \/>\nTramitar encargos, solicitudes, dar respuesta a las consultas o cualquier tipo de petici\u00f3n que sea realizada por el<br \/>\nUSUARIO a trav\u00e9s de cualquiera de las formas de contacto que se ponen a su disposici\u00f3n en la p\u00e1gina web del<br \/>\nRESPONSABLE.<br \/>\nRemitir el bolet\u00edn informativo online, sobre novedades, ofertas y promociones en nuestra actividad.<br \/>\n\u00bfPor qu\u00e9 motivo podemos tratar tus datos personales?<br \/>\nPorque el tratamiento est\u00e1 legitimado por el art\u00edculo 6 del GDPR de la siguiente forma:<br \/>\nCon el consentimiento del USUARIO: remisi\u00f3n de comunicaciones comerciales y del bolet\u00edn informativo.<br \/>\nPor inter\u00e9s leg\u00edtimo del RESPONSABLE: realizar estudios de mercado, an\u00e1lisis estad\u00edsticos, etc. y tramitar<br \/>\nencargos, solicitudes, etc. a petici\u00f3n del USUARIO.<br \/>\n\u00bfDurante cu\u00e1nto tiempo guardaremos tus datos personales?<br \/>\nSe conservar\u00e1n durante no m\u00e1s tiempo del necesario para mantener el fin del tratamiento o existan prescripciones legales<br \/>\nque dictaminen su custodia y cuando ya no sea necesario para ello, se suprimir\u00e1n con medidas de seguridad adecuadas<br \/>\npara garantizar la anonimizaci\u00f3n de los datos o la destrucci\u00f3n total de los mismos.<br \/>\n\u00bfA qui\u00e9n facilitamos tus datos personales?<br \/>\nNo est\u00e1 prevista ninguna comunicaci\u00f3n de datos personales a terceros salvo, si fuese necesario para el desarrollo y<br \/>\nejecuci\u00f3n de las finalidades del tratamiento, a nuestros proveedores de servicios relacionados con comunicaciones, con los<br \/>\ncuales el RESPONSABLE tiene suscritos los contratos de confidencialidad y de encargado de tratamiento exigidos por la<br \/>\nnormativa vigente de privacidad.<br \/>\n\u00bfCu\u00e1les son tus derechos?<br \/>\nLos derechos que asisten al USUARIO son:<br \/>\nDerecho a retirar el consentimiento en cualquier momento.<br \/>\nDerecho de acceso, rectificaci\u00f3n, portabilidad y supresi\u00f3n de sus datos, y de limitaci\u00f3n u oposici\u00f3n a su<br \/>\ntratamiento.<br \/>\nDerecho a presentar una reclamaci\u00f3n ante la autoridad de control (www.aepd.es) si considera que el tratamiento<br \/>\nno se ajusta a la normativa vigente.<br \/>\nDatos de contacto para ejercer sus derechos:<br \/>\nMIGUEL VIVER BISBAL. Avenida Fran\u00e7a, s\/n &#8211; 07400 Port d&#8217;Alcudia (Illes Balears). E-mail: info@winetoursmallorca.com<\/p>\n<p>2. CAR\u00c1CTER OBLIGATORIO O FACULTATIVO DE LA INFORMACI\u00d3N FACILITADA POR EL USUARIO<br \/>\nLos USUARIOS, mediante la marcaci\u00f3n de las casillas correspondientes y la entrada de datos en los campos, marcados<br \/>\ncon un asterisco (*) en el formulario de contacto o presentados en formularios de descarga, aceptan expresamente y de<br \/>\nforma libre e inequ\u00edvoca, que sus datos son necesarios para atender su petici\u00f3n, por parte del prestador, siendo voluntaria<br \/>\nla inclusi\u00f3n de datos en los campos restantes. El USUARIO garantiza que los datos personales facilitados al<br \/>\nRESPONSABLE son veraces y se hace responsable de comunicar cualquier modificaci\u00f3n de los mismos.<br \/>\nEl RESPONSABLE informa de que todos los datos solicitados a trav\u00e9s del sitio web son obligatorios, ya que son<br \/>\nnecesarios para la prestaci\u00f3n de un servicio \u00f3ptimo al USUARIO. En caso de que no se faciliten todos los datos, no se<br \/>\ngarantiza que la informaci\u00f3n y servicios facilitados sean completamente ajustados a sus necesidades.<\/p>\n<p>3. MEDIDAS DE SEGURIDAD<br \/>\nQue de conformidad con lo dispuesto en las normativas vigentes en protecci\u00f3n de datos personales, el RESPONSABLE<br \/>\nest\u00e1 cumpliendo con todas las disposiciones de las normativas GDPR y LOPDGDD para el tratamiento de los datos<br \/>\npersonales de su responsabilidad, y manifiestamente con los principios descritos en el art\u00edculo 5 del GDPR, por los cuales<br \/>\nson tratados de manera l\u00edcita, leal y transparente en relaci\u00f3n con el interesado y adecuados, pertinentes y limitados a lo<br \/>\nnecesario en relaci\u00f3n con los fines para los que son tratados.<br \/>\nEl RESPONSABLE garantiza que ha implementado pol\u00edticas t\u00e9cnicas y organizativas apropiadas para aplicar las medidas<br \/>\nde seguridad que establecen el GDPR y la LOPDGDD con el fin de proteger los derechos y libertades de los USUARIOS y<br \/>\nles ha comunicado la informaci\u00f3n adecuada para que puedan ejercerlos.<br \/>\nPara m\u00e1s informaci\u00f3n sobre las garant\u00edas de privacidad, puedes dirigirte al RESPONSABLE a trav\u00e9s de MIGUEL VIVER<br \/>\nBISBAL. Avenida Fran\u00e7a, s\/n &#8211; 07400 Port d&#8217;Alcudia (Illes Balears). E-mail: info@winetoursmallorca.com<\/p>\n<\/div><\/div><\/div><\/div><\/div>\n","protected":false},"excerpt":{"rendered":"","protected":false},"author":1,"featured_media":0,"parent":0,"menu_order":0,"comment_status":"closed","ping_status":"open","template":"","meta":{"_mi_skip_tracking":false,"_monsterinsights_sitenote_active":false,"_monsterinsights_sitenote_note":"","_monsterinsights_sitenote_category":0,"footnotes":""},"class_list":["post-3","page","type-page","status-publish","hentry"],"aioseo_notices":[],"_links":{"self":[{"href":"https:\/\/winetoursmallorca.com\/es\/wp-json\/wp\/v2\/pages\/3","targetHints":{"allow":["GET"]}}],"collection":[{"href":"https:\/\/winetoursmallorca.com\/es\/wp-json\/wp\/v2\/pages"}],"about":[{"href":"https:\/\/winetoursmallorca.com\/es\/wp-json\/wp\/v2\/types\/page"}],"author":[{"embeddable":true,"href":"https:\/\/winetoursmallorca.com\/es\/wp-json\/wp\/v2\/users\/1"}],"replies":[{"embeddable":true,"href":"https:\/\/winetoursmallorca.com\/es\/wp-json\/wp\/v2\/comments?post=3"}],"version-history":[{"count":0,"href":"https:\/\/winetoursmallorca.com\/es\/wp-json\/wp\/v2\/pages\/3\/revisions"}],"wp:attachment":[{"href":"https:\/\/winetoursmallorca.com\/es\/wp-json\/wp\/v2\/media?parent=3"}],"curies":[{"name":"wp","href":"https:\/\/api.w.org\/{rel}","templated":true}]}}